{"id":1635,"date":"2025-02-18T10:40:51","date_gmt":"2025-02-18T10:40:51","guid":{"rendered":"http:\/\/shopstudio88.com\/?page_id=1635"},"modified":"2025-03-25T10:48:00","modified_gmt":"2025-03-25T10:48:00","slug":"cookie-policy","status":"publish","type":"page","link":"https:\/\/shopstudio88.com\/?page_id=1635&lang=es","title":{"rendered":"Cookie Policy"},"content":{"rendered":"\n<p><strong>Pol\u00edtica de Cookies<\/strong><\/p>\n\n\n\n<p><strong>Introducci\u00f3n<\/strong><\/p>\n\n\n\n<p>Esta Pol\u00edtica de Cookies describe el uso de cookies en el sitio web de:<\/p>\n\n\n\n<p><strong>Linda Sayed Abdel Wahab<\/strong><br><strong>Y5127109D<\/strong><br><strong>Av. Los Lagos, Local 10<\/strong><br><strong>El Cotillo<\/strong><br><strong>+34 604 970 286<\/strong><\/p>\n\n\n\n<p><strong>\u00bfQu\u00e9 son las Cookies?<\/strong><\/p>\n\n\n\n<p>Las cookies son peque\u00f1os archivos de texto que se almacenan en el dispositivo del usuario al visitar un sitio web. Las cookies permiten que el sitio web reconozca el dispositivo del usuario y recuerde cierta informaci\u00f3n sobre su visita.<\/p>\n\n\n\n<p><strong>Tipos de Cookies Utilizadas<\/strong><\/p>\n\n\n\n<p>Utilizamos los siguientes tipos de cookies:<\/p>\n\n\n\n<ul class=\"wp-block-list\">\n<li><strong>Cookies T\u00e9cnicas<\/strong>: necesarias para el funcionamiento del sitio web y para permitir que los usuarios naveguen y utilicen sus funcionalidades.<\/li>\n\n\n\n<li><strong>Cookies Anal\u00edticas<\/strong>: utilizadas para recopilar informaci\u00f3n sobre el uso del sitio web, como las p\u00e1ginas visitadas y posibles errores encontrados, con el fin de mejorar el rendimiento del sitio.<\/li>\n\n\n\n<li><strong>Cookies de Perfilado<\/strong>: utilizadas para crear perfiles de usuario y enviar mensajes publicitarios en l\u00ednea con las preferencias expresadas durante la navegaci\u00f3n.<\/li>\n<\/ul>\n\n\n\n<p><strong>Gesti\u00f3n de las Cookies<\/strong><\/p>\n\n\n\n<p>Los usuarios pueden gestionar sus preferencias de cookies directamente desde la configuraci\u00f3n de su navegador. Es posible bloquear o eliminar cookies, pero esto podr\u00eda afectar negativamente la experiencia de navegaci\u00f3n y el uso del sitio web.<\/p>\n\n\n\n<p><strong>Modificaciones de la Pol\u00edtica de Cookies<\/strong><\/p>\n\n\n\n<p>Nos reservamos el derecho de modificar esta Pol\u00edtica de Cookies en cualquier momento. Los cambios se publicar\u00e1n en esta p\u00e1gina y, si es necesario, se notificar\u00e1n a los usuarios por correo electr\u00f3nico.<\/p>\n\n\n\n<p><strong>Contacto<\/strong><\/p>\n\n\n\n<p>Para cualquier pregunta o solicitud relacionada con esta Pol\u00edtica de Cookies, puedes contactarnos en:<\/p>\n\n\n\n<p><strong>Linda Sayed Abdel Wahab<\/strong><br><strong>Y5127109D<\/strong><br><strong>Av. Los Lagos, Hotel Coral, Local 10<\/strong><br><strong>35650 El Cotillo<\/strong><br><strong><a>info.studio88cotillo@gmail.com<\/a><\/strong><\/p>\n","protected":false},"excerpt":{"rendered":"<p>Pol\u00edtica de Cookies Introducci\u00f3n Esta Pol\u00edtica de Cookies describe el uso de cookies en el sitio web de: Linda Sayed Abdel WahabY5127109DAv. Los Lagos, Local 10El Cotillo+34 604 970 286 \u00bfQu\u00e9 son las Cookies? Las cookies son peque\u00f1os archivos de texto que se almacenan en el dispositivo del usuario al visitar un sitio web. Las [&hellip;]<\/p>\n","protected":false},"author":1,"featured_media":0,"parent":0,"menu_order":0,"comment_status":"closed","ping_status":"closed","template":"","meta":{"_acf_changed":false,"footnotes":""},"class_list":["post-1635","page","type-page","status-publish","hentry"],"acf":[],"_links":{"self":[{"href":"https:\/\/shopstudio88.com\/index.php?rest_route=\/wp\/v2\/pages\/1635","targetHints":{"allow":["GET"]}}],"collection":[{"href":"https:\/\/shopstudio88.com\/index.php?rest_route=\/wp\/v2\/pages"}],"about":[{"href":"https:\/\/shopstudio88.com\/index.php?rest_route=\/wp\/v2\/types\/page"}],"author":[{"embeddable":true,"href":"https:\/\/shopstudio88.com\/index.php?rest_route=\/wp\/v2\/users\/1"}],"replies":[{"embeddable":true,"href":"https:\/\/shopstudio88.com\/index.php?rest_route=%2Fwp%2Fv2%2Fcomments&post=1635"}],"version-history":[{"count":1,"href":"https:\/\/shopstudio88.com\/index.php?rest_route=\/wp\/v2\/pages\/1635\/revisions"}],"predecessor-version":[{"id":1636,"href":"https:\/\/shopstudio88.com\/index.php?rest_route=\/wp\/v2\/pages\/1635\/revisions\/1636"}],"wp:attachment":[{"href":"https:\/\/shopstudio88.com\/index.php?rest_route=%2Fwp%2Fv2%2Fmedia&parent=1635"}],"curies":[{"name":"wp","href":"https:\/\/api.w.org\/{rel}","templated":true}]}}