{"id":1625,"date":"2019-02-21T14:47:06","date_gmt":"2019-02-21T14:47:06","guid":{"rendered":"http:\/\/shopstudio88.com\/?page_id=1625"},"modified":"2025-03-25T12:16:27","modified_gmt":"2025-03-25T12:16:27","slug":"sobre-nosotros","status":"publish","type":"page","link":"https:\/\/shopstudio88.com\/?page_id=1625&lang=es","title":{"rendered":"Sobre nosotros"},"content":{"rendered":"<h1>LA HISTORIA DE STUDIO88<\/h1>\n<div>desde el 2017 en Fuerteventura<\/div>\n<p><a href=\"#office\"><img decoding=\"async\" src=\"\/wp-content\/uploads\/company-image.svg\" alt=\"\"><\/a><\/p>\n<h2>En 2017 Linda llega a Fuerteventura<\/h2>\n<ul>\n<li>\n<p>        <img decoding=\"async\" src=\"\/wp-content\/uploads\/2025\/02\/studio88-1-scaled.jpg\" alt=\"\"><\/p>\n<h3>Workspace<\/h3>\n<\/li>\n<li>\n<p>        <img decoding=\"async\" src=\"\/wp-content\/uploads\/2025\/02\/studio88-10-scaled.jpg\" alt=\"\"><\/p>\n<h3>Workspace<\/h3>\n<\/li>\n<li>\n<p>        <img decoding=\"async\" src=\"\/wp-content\/uploads\/2025\/02\/studio88-13-scaled.jpg\" alt=\"\"><\/p>\n<h3>Workspace<\/h3>\n<\/li>\n<\/ul>\n<h3>LA HISTORIA DE STUDIO88<\/h3>\n<div>\n<p data-start=\"63\" data-end=\"314\" class=\"\">Con un gran sue\u00f1o: construir algo que uniera su experiencia profesional con su pasi\u00f3n por la moda.<br data-start=\"161\" data-end=\"164\" \/>Despu\u00e9s de tres a\u00f1os trabajando en pasarelas, en 2023 se da cuenta de que su camino siempre ha estado guiado por un elemento especial: la numerolog\u00eda.<\/p>\n<p data-start=\"316\" data-end=\"504\" class=\"\">Sin darse cuenta, los n\u00fameros siempre han tenido un significado profundo en su recorrido.<br data-start=\"405\" data-end=\"408\" \/>As\u00ed nace <strong data-start=\"417\" data-end=\"429\">STUDIO88<\/strong>, un proyecto que transforma el sombrero en un s\u00edmbolo de estilo atemporal.<\/p>\n<\/div>\n<p><img decoding=\"async\" src=\"\/wp-content\/uploads\/2025\/02\/studio88-13-scaled.jpg\" alt=\"\"><br \/>\n<img decoding=\"async\" src=\"\/wp-content\/uploads\/company-office-icon-02.svg\" alt=\"\"><\/p>\n<h3>\u00bfPor qu\u00e9 \u201cSTUDIO88\u201d?<\/h3>\n<div>\n<p data-start=\"86\" data-end=\"218\" class=\"\">Un cuaderno lleno de ideas, bocetos, logotipos y palabras.<br data-start=\"144\" data-end=\"147\" \/>Un momento de inspiraci\u00f3n.<br data-start=\"173\" data-end=\"176\" \/>Un n\u00famero que destaca entre todos: <strong data-start=\"211\" data-end=\"217\">88<\/strong>.<\/p>\n<ul data-start=\"220\" data-end=\"418\">\n<li data-start=\"220\" data-end=\"271\" class=\"\">\n<p data-start=\"222\" data-end=\"271\" class=\"\">Un s\u00edmbolo de continuidad, equilibrio y estilo.<\/p>\n<\/li>\n<li data-start=\"272\" data-end=\"345\" class=\"\">\n<p data-start=\"274\" data-end=\"345\" class=\"\">Un nombre que mantiene su significado en todos los idiomas del mundo.<\/p>\n<\/li>\n<li data-start=\"346\" data-end=\"418\" class=\"\">\n<p data-start=\"348\" data-end=\"418\" class=\"\">Una identidad que cuenta una historia hecha de pasi\u00f3n e investigaci\u00f3n.<\/p>\n<\/li>\n<\/ul>\n<p data-start=\"420\" data-end=\"532\" class=\"\">As\u00ed cobra vida <strong data-start=\"435\" data-end=\"447\">STUDIO88<\/strong>, un lugar donde el sombrero se convierte en un accesorio ic\u00f3nico, refinado y eterno.<\/p>\n<\/div>\n<h2><strong data-start=\"87\" data-end=\"164\">STUDIO88 no es solo una tienda, sino una aut\u00e9ntica boutique de sombreros.<\/strong><br data-start=\"164\" data-end=\"167\" \/>Cada colecci\u00f3n nace para resaltar los <strong data-start=\"205\" data-end=\"216\">colores<\/strong>, las <strong data-start=\"222\" data-end=\"232\">formas<\/strong> y los <strong data-start=\"239\" data-end=\"251\" data-is-only-node=\"\">detalles<\/strong> que hacen \u00fanico a cada accesorio.<\/h2>\n<ul>\n<li>\n<div>\ud83c\udfc6 Atenci\u00f3n al detalle<\/div>\n<div>\n<p>Cada sombrero est\u00e1 cuidado hasta el m\u00e1s m\u00ednimo detalle.<\/p>\n<\/div>\n<\/li>\n<li>\n<div>\ud83c\udfa8 Investigaci\u00f3n e innovaci\u00f3n<\/div>\n<div>\n<p>Colecciones exclusivas y materiales de alta calidad.<\/p>\n<\/div>\n<\/li>\n<li>\n<div>\u2728 Una experiencia \u00fanica<\/div>\n<div>\n<p>Un lugar pensado para quienes aman destacar con estilo.<\/p>\n<\/div>\n<\/li>\n<\/ul>\n<h3>ELEGANCIA ATEMPORAL, MIRADA HACIA EL MA\u00d1ANA.<\/h3>\n<div>\n<p data-start=\"67\" data-end=\"326\" class=\"\"><strong data-start=\"67\" data-end=\"212\">Nuestra misi\u00f3n es hacer crecer STUDIO88, transform\u00e1ndolo en un punto de referencia para los amantes de la moda y de los accesorios con clase.<\/strong><br data-start=\"212\" data-end=\"215\" \/>Nuestro compromiso es mantener viva la tradici\u00f3n de la elegancia e innovar constantemente nuestras colecciones.<\/p>\n<p data-start=\"3729\" data-end=\"3989\">\n<p data-start=\"328\" data-end=\"417\" class=\"\">\ud83d\udca1 <strong data-start=\"331\" data-end=\"371\">\u00bfSe puede vivir vendiendo sombreros?<\/strong><br data-start=\"371\" data-end=\"374\" \/>\ud83d\udc96 <strong data-start=\"377\" data-end=\"417\">\u00a1Absolutamente s\u00ed, si crees en ello!<\/strong><\/p>\n<\/div>\n<h2><strong data-start=\"47\" data-end=\"76\">\u00a1Env\u00eda ahora tu logotipo!<\/strong><\/h2>\n<div>\n<p>\u00a0<strong data-start=\"178\" data-end=\"283\">Lo transformaremos en un bordado personalizado, perfecto para dar estilo a tus sombreros y camisetas.<\/strong><\/p>\n<\/div>\n<p><p>\n        <a href=\"\/index.php\/?page_id=6\">Contactanos<\/a>\n    <\/p>\n<\/p>\n<p><!--more--><br \/>\n<!-- {\"type\":\"layout\",\"children\":[{\"name\":\"Hero\",\"type\":\"section\",\"props\":{\"animation\":\"fade\",\"header_transparent\":true,\"header_transparent_noplaceholder\":true,\"height\":\"viewport\",\"height_offset_top\":true,\"height_viewport\":80,\"image_loading\":true,\"image_position\":\"bottom-center\",\"image_size\":\"cover\",\"image_width\":\"2560\",\"overlap\":true,\"style\":\"default\",\"text_color\":\"light\",\"title_breakpoint\":\"xl\",\"title_position\":\"top-left\",\"title_rotation\":\"left\",\"vertical_align\":\"middle\",\"video\":\"wp-content\\\/uploads\\\/2025\\\/02\\\/20240731_175513.mp4\",\"width\":\"default\"},\"children\":[{\"type\":\"row\",\"children\":[{\"type\":\"column\",\"props\":{\"image_position\":\"center-center\",\"position_sticky_breakpoint\":\"m\",\"width_medium\":\"1-1\"},\"children\":[{\"type\":\"headline\",\"props\":{\"content\":\"LA HISTORIA DE STUDIO88\",\"margin\":\"small\",\"text_align\":\"center\",\"title_element\":\"h1\",\"title_style\":\"heading-medium\"}},{\"type\":\"headline\",\"props\":{\"content\":\"desde el 2017 en Fuerteventura\",\"margin\":\"remove-vertical\",\"text_align\":\"center\",\"title_element\":\"div\",\"title_style\":\"h5\"}}]}]}]},{\"name\":\"Image\",\"type\":\"section\",\"props\":{\"animation\":\"slide-bottom-medium\",\"id\":\"office\",\"image_position\":\"center-center\",\"padding\":\"none\",\"style\":\"default\",\"title_breakpoint\":\"xl\",\"title_position\":\"top-left\",\"title_rotation\":\"left\",\"vertical_align\":\"\",\"width\":\"default\"},\"children\":[{\"type\":\"row\",\"children\":[{\"type\":\"column\",\"props\":{\"image_position\":\"center-center\",\"position_sticky_breakpoint\":\"m\",\"text_color\":\"light\",\"width_medium\":\"1-1\"},\"children\":[{\"type\":\"image\",\"props\":{\"animation\":\"parallax\",\"image\":\"wp-content\\\/uploads\\\/company-image.svg\",\"image_loading\":true,\"image_svg_color\":\"emphasis\",\"image_svg_inline\":true,\"link\":\"#office\",\"margin\":\"\",\"parallax_easing\":\"1\",\"parallax_y\":\"-130,-200\",\"text_align\":\"center\",\"visibility\":\"m\"}}]}]}]},{\"name\":\"Office\",\"type\":\"section\",\"props\":{\"animation\":\"slide-bottom-medium\",\"animation_delay\":\"200\",\"image_effect\":\"parallax\",\"image_parallax_bgy\":\"50,-50\",\"image_parallax_easing\":\"1\",\"image_position\":\"center-center\",\"image_size\":\"contain\",\"media_visibility\":\"m\",\"padding\":\"large\",\"padding_remove_top\":false,\"style\":\"default\",\"title_breakpoint\":\"xl\",\"title_position\":\"top-left\",\"title_rotation\":\"left\",\"vertical_align\":\"\",\"width\":\"default\"},\"children\":[{\"type\":\"row\",\"children\":[{\"type\":\"column\",\"props\":{\"image_position\":\"center-center\",\"position_sticky_breakpoint\":\"m\",\"width_medium\":\"1-1\"},\"children\":[{\"type\":\"headline\",\"props\":{\"block_align\":\"center\",\"content\":\"En 2017 Linda llega a Fuerteventura\",\"maxwidth\":\"large\",\"text_align\":\"center\",\"title_element\":\"h2\",\"title_style\":\"h1\"}}]}]},{\"type\":\"row\",\"props\":{\"column_gap\":\"large\",\"layout\":\"2-3,1-3\",\"margin\":\"xlarge\",\"row_gap\":\"large\"},\"children\":[{\"type\":\"column\",\"props\":{\"image_position\":\"center-center\",\"position_sticky_breakpoint\":\"m\",\"vertical_align\":\"middle\",\"width_medium\":\"2-3\"},\"children\":[{\"type\":\"slideshow\",\"props\":{\"css\":\".el-item { border-radius: 300px; }\",\"image_width\":\"850\",\"link_style\":\"default\",\"link_text\":\"Read more\",\"margin\":\"default\",\"meta_align\":\"below-title\",\"meta_element\":\"div\",\"meta_style\":\"text-meta\",\"nav\":\"dotnav\",\"nav_align\":\"center\",\"nav_breakpoint\":\"s\",\"nav_position\":\"bottom-center\",\"nav_position_margin\":\"medium\",\"overlay_animation\":\"parallax\",\"overlay_position\":\"center-left\",\"show_content\":true,\"show_link\":true,\"show_meta\":true,\"show_thumbnail\":true,\"show_title\":false,\"slidenav\":\"\",\"slidenav_breakpoint\":\"s\",\"slidenav_margin\":\"medium\",\"slidenav_outside_breakpoint\":\"xl\",\"slideshow_animation\":\"fade\",\"slideshow_autoplay\":true,\"slideshow_autoplay_interval\":\"5\",\"slideshow_autoplay_pause\":true,\"slideshow_min_height\":\"100\",\"text_color\":\"light\",\"thumbnav_height\":\"75\",\"thumbnav_svg_color\":\"emphasis\",\"thumbnav_width\":\"100\",\"title_element\":\"h3\",\"title_hover_style\":\"reset\"},\"children\":[{\"type\":\"slideshow_item\",\"props\":{\"image\":\"wp-content\\\/uploads\\\/2025\\\/02\\\/studio88-1-scaled.jpg\",\"title\":\"Workspace\"}},{\"type\":\"slideshow_item\",\"props\":{\"image\":\"wp-content\\\/uploads\\\/2025\\\/02\\\/studio88-10-scaled.jpg\",\"title\":\"Workspace\"}},{\"type\":\"slideshow_item\",\"props\":{\"image\":\"wp-content\\\/uploads\\\/2025\\\/02\\\/studio88-13-scaled.jpg\",\"title\":\"Workspace\"}}]}]},{\"type\":\"column\",\"props\":{\"image_position\":\"center-center\",\"position_sticky_breakpoint\":\"m\",\"vertical_align\":\"middle\",\"width_medium\":\"1-3\"},\"children\":[{\"type\":\"headline\",\"props\":{\"content\":\"LA HISTORIA DE STUDIO88\",\"margin\":\"medium\",\"margin_remove_top\":true,\"text_align\":\"left\",\"text_align_breakpoint\":\"m\",\"text_align_fallback\":\"center\",\"title_element\":\"h3\",\"title_style\":\"h2\"}},{\"type\":\"text\",\"props\":{\"block_align\":\"center\",\"column_breakpoint\":\"m\",\"content\":\"\n\n<p data-start=\\\"63\\\" data-end=\\\"314\\\" class=\\\"\\\">Con un gran sue\\u00f1o: construir algo que uniera su experiencia profesional con su pasi\\u00f3n por la moda.<br data-start=\\\"161\\\" data-end=\\\"164\\\" \\\/>Despu\\u00e9s de tres a\\u00f1os trabajando en pasarelas, en 2023 se da cuenta de que su camino siempre ha estado guiado por un elemento especial: la numerolog\\u00eda.<\\\/p>\\n\n\n<p data-start=\\\"316\\\" data-end=\\\"504\\\" class=\\\"\\\">Sin darse cuenta, los n\\u00fameros siempre han tenido un significado profundo en su recorrido.<br data-start=\\\"405\\\" data-end=\\\"408\\\" \\\/>As\\u00ed nace <strong data-start=\\\"417\\\" data-end=\\\"429\\\">STUDIO88<\\\/strong>, un proyecto que transforma el sombrero en un s\\u00edmbolo de estilo atemporal.<\\\/p>\",\"margin\":\"default\",\"maxwidth\":\"large\",\"maxwidth_breakpoint\":\"s\",\"text_align\":\"left\",\"text_align_breakpoint\":\"m\",\"text_align_fallback\":\"center\"}}]}]},{\"type\":\"row\",\"props\":{\"column_gap\":\"large\",\"layout\":\"2-3,1-3\",\"margin\":\"xlarge\",\"row_gap\":\"large\"},\"children\":[{\"type\":\"column\",\"props\":{\"image_position\":\"center-center\",\"position_sticky_breakpoint\":\"m\",\"vertical_align\":\"middle\",\"width_medium\":\"2-3\"},\"children\":[{\"type\":\"image\",\"props\":{\"image\":\"wp-content\\\/uploads\\\/2025\\\/02\\\/studio88-13-scaled.jpg\",\"image_border\":\"pill\",\"image_svg_color\":\"emphasis\",\"image_width\":\"850\",\"margin\":\"default\",\"text_align\":\"center\"}}]},{\"type\":\"column\",\"props\":{\"image_position\":\"center-center\",\"order_first\":\"m\",\"position_sticky_breakpoint\":\"m\",\"vertical_align\":\"middle\",\"width_medium\":\"1-3\"},\"children\":[{\"type\":\"image\",\"props\":{\"image\":\"wp-content\\\/uploads\\\/company-office-icon-02.svg\",\"image_svg_animate\":true,\"image_svg_color\":\"muted\",\"image_svg_inline\":true,\"margin\":\"default\",\"text_align\":\"left\",\"text_align_breakpoint\":\"m\",\"text_align_fallback\":\"center\"}},{\"type\":\"headline\",\"props\":{\"content\":\"\\u00bfPor qu\\u00e9 \\u201cSTUDIO88\\u201d?\",\"margin\":\"medium\",\"margin_remove_top\":true,\"text_align\":\"left\",\"text_align_breakpoint\":\"m\",\"text_align_fallback\":\"center\",\"title_element\":\"h3\",\"title_style\":\"h2\"}},{\"type\":\"text\",\"props\":{\"block_align\":\"center\",\"column_breakpoint\":\"m\",\"content\":\"\n\n<p data-start=\\\"86\\\" data-end=\\\"218\\\" class=\\\"\\\">Un cuaderno lleno de ideas, bocetos, logotipos y palabras.<br data-start=\\\"144\\\" data-end=\\\"147\\\" \\\/>Un momento de inspiraci\\u00f3n.<br data-start=\\\"173\\\" data-end=\\\"176\\\" \\\/>Un n\\u00famero que destaca entre todos: <strong data-start=\\\"211\\\" data-end=\\\"217\\\">88<\\\/strong>.<\\\/p>\\n\n\n<ul data-start=\\\"220\\\" data-end=\\\"418\\\">\\n\n\n<li data-start=\\\"220\\\" data-end=\\\"271\\\" class=\\\"\\\">\\n\n\n<p data-start=\\\"222\\\" data-end=\\\"271\\\" class=\\\"\\\">Un s\\u00edmbolo de continuidad, equilibrio y estilo.<\\\/p>\\n<\\\/li>\\n\n\n<li data-start=\\\"272\\\" data-end=\\\"345\\\" class=\\\"\\\">\\n\n\n<p data-start=\\\"274\\\" data-end=\\\"345\\\" class=\\\"\\\">Un nombre que mantiene su significado en todos los idiomas del mundo.<\\\/p>\\n<\\\/li>\\n\n\n<li data-start=\\\"346\\\" data-end=\\\"418\\\" class=\\\"\\\">\\n\n\n<p data-start=\\\"348\\\" data-end=\\\"418\\\" class=\\\"\\\">Una identidad que cuenta una historia hecha de pasi\\u00f3n e investigaci\\u00f3n.<\\\/p>\\n<\\\/li>\\n<\\\/ul>\\n\n\n<p data-start=\\\"420\\\" data-end=\\\"532\\\" class=\\\"\\\">As\\u00ed cobra vida <strong data-start=\\\"435\\\" data-end=\\\"447\\\">STUDIO88<\\\/strong>, un lugar donde el sombrero se convierte en un accesorio ic\\u00f3nico, refinado y eterno.<\\\/p>\",\"margin\":\"default\",\"maxwidth\":\"large\",\"maxwidth_breakpoint\":\"s\",\"text_align\":\"left\",\"text_align_breakpoint\":\"m\",\"text_align_fallback\":\"center\"}}]}]}]},{\"name\":\"Achievements\",\"type\":\"section\",\"props\":{\"animation\":\"slide-bottom-small\",\"animation_delay\":\"200\",\"image\":\"wp-content\\\/uploads\\\/company-milestones-bg.svg\",\"image_effect\":\"parallax\",\"image_parallax_bgy\":\"0,100\",\"image_parallax_easing\":\"1\",\"image_position\":\"top-center\",\"padding_remove_top\":true,\"style\":\"default\",\"title_breakpoint\":\"xl\",\"title_position\":\"top-left\",\"title_rotation\":\"left\",\"vertical_align\":\"\",\"width\":\"\"},\"children\":[{\"type\":\"row\",\"props\":{\"column_gap\":\"large\",\"row_gap\":\"large\",\"width\":\"default\"},\"children\":[{\"type\":\"column\",\"props\":{\"image_position\":\"center-center\",\"position_sticky_breakpoint\":\"m\",\"width_medium\":\"1-1\"},\"children\":[{\"type\":\"headline\",\"props\":{\"block_align\":\"center\",\"content\":\"<strong data-start=\\\"87\\\" data-end=\\\"164\\\">STUDIO88 no es solo una tienda, sino una aut\\u00e9ntica boutique de sombreros.<\\\/strong><br data-start=\\\"164\\\" data-end=\\\"167\\\" \\\/>Cada colecci\\u00f3n nace para resaltar los <strong data-start=\\\"205\\\" data-end=\\\"216\\\">colores<\\\/strong>, las <strong data-start=\\\"222\\\" data-end=\\\"232\\\">formas<\\\/strong> y los <strong data-start=\\\"239\\\" data-end=\\\"251\\\" data-is-only-node=\\\"\\\">detalles<\\\/strong> que hacen \\u00fanico a cada accesorio.\",\"margin\":\"large\",\"margin_remove_bottom\":false,\"maxwidth\":\"xlarge\",\"text_align\":\"center\",\"title_element\":\"h2\",\"title_style\":\"h1\"}}]}]},{\"type\":\"row\",\"props\":{\"margin\":\"xlarge\",\"width\":\"default\"},\"children\":[{\"type\":\"column\",\"props\":{\"image_position\":\"center-center\",\"padding\":\"large\",\"position_sticky_breakpoint\":\"m\",\"width_medium\":\"1-1\"},\"children\":[{\"type\":\"grid\",\"props\":{\"content_column_breakpoint\":\"m\",\"filter_align\":\"left\",\"filter_all\":true,\"filter_grid_breakpoint\":\"m\",\"filter_grid_width\":\"auto\",\"filter_position\":\"top\",\"filter_style\":\"tab\",\"grid_default\":\"1\",\"grid_medium\":\"3\",\"grid_small\":\"1\",\"icon_width\":80,\"image_align\":\"top\",\"image_grid_breakpoint\":\"m\",\"image_grid_width\":\"1-2\",\"image_svg_color\":\"emphasis\",\"item_animation\":true,\"lightbox_bg_close\":true,\"link_style\":\"default\",\"link_text\":\"Read more\",\"margin\":\"default\",\"meta_align\":\"below-title\",\"meta_color\":\"muted\",\"meta_element\":\"div\",\"meta_style\":\"\",\"panel_padding\":\"large\",\"panel_style\":\"card-secondary\",\"parallax_easing\":\"1\",\"show_content\":true,\"show_hover_image\":true,\"show_hover_video\":true,\"show_image\":true,\"show_link\":true,\"show_meta\":true,\"show_title\":true,\"show_video\":true,\"text_align\":\"center\",\"title_align\":\"top\",\"title_element\":\"div\",\"title_grid_breakpoint\":\"m\",\"title_grid_width\":\"1-2\",\"title_hover_style\":\"reset\",\"title_style\":\"h3\"},\"children\":[{\"type\":\"grid_item\",\"props\":{\"content\":\"\n\n<p>Cada sombrero est\\u00e1 cuidado hasta el m\\u00e1s m\\u00ednimo detalle.<\\\/p>\",\"meta\":\"\",\"title\":\"\\ud83c\\udfc6 Atenci\\u00f3n al detalle\"}},{\"type\":\"grid_item\",\"props\":{\"content\":\"\n\n<p>Colecciones exclusivas y materiales de alta calidad.<\\\/p>\",\"meta\":\"\",\"title\":\"\\ud83c\\udfa8 Investigaci\\u00f3n e innovaci\\u00f3n\"}},{\"type\":\"grid_item\",\"props\":{\"content\":\"\n\n<p>Un lugar pensado para quienes aman destacar con estilo.<\\\/p>\",\"meta\":\"\",\"title\":\"\\u2728 Una experiencia \\u00fanica\"}}]}]}]},{\"type\":\"row\",\"props\":{\"margin_remove_top\":false,\"width\":\"default\"},\"children\":[{\"type\":\"column\",\"props\":{\"image_position\":\"center-center\",\"position_sticky_breakpoint\":\"m\",\"width_medium\":\"1-1\"},\"children\":[{\"type\":\"headline\",\"props\":{\"block_align\":\"center\",\"content\":\"ELEGANCIA ATEMPORAL, MIRADA HACIA EL MA\\u00d1ANA.\",\"margin\":\"large\",\"margin_remove_bottom\":false,\"maxwidth\":\"xlarge\",\"text_align\":\"center\",\"title_element\":\"h3\",\"title_style\":\"h2\"}},{\"type\":\"text\",\"props\":{\"column\":\"1-2\",\"column_breakpoint\":\"l\",\"column_divider\":false,\"content\":\"\n\n<p data-start=\\\"67\\\" data-end=\\\"326\\\" class=\\\"\\\"><strong data-start=\\\"67\\\" data-end=\\\"212\\\">Nuestra misi\\u00f3n es hacer crecer STUDIO88, transform\\u00e1ndolo en un punto de referencia para los amantes de la moda y de los accesorios con clase.<\\\/strong><br data-start=\\\"212\\\" data-end=\\\"215\\\" \\\/>Nuestro compromiso es mantener viva la tradici\\u00f3n de la elegancia e innovar constantemente nuestras colecciones.<\\\/p>\\n\n\n<p data-start=\\\"3729\\\" data-end=\\\"3989\\\"><\\\/p>\\n\n\n<p data-start=\\\"328\\\" data-end=\\\"417\\\" class=\\\"\\\">\\ud83d\\udca1 <strong data-start=\\\"331\\\" data-end=\\\"371\\\">\\u00bfSe puede vivir vendiendo sombreros?<\\\/strong><br data-start=\\\"371\\\" data-end=\\\"374\\\" \\\/>\\ud83d\\udc96 <strong data-start=\\\"377\\\" data-end=\\\"417\\\">\\u00a1Absolutamente s\\u00ed, si crees en ello!<\\\/strong><\\\/p>\",\"margin\":\"medium\"}}]}]}]},{\"name\":\"Community\",\"type\":\"section\",\"props\":{\"animation\":\"slide-left-medium\",\"animation_delay\":\"200\",\"id\":\"community\",\"image_position\":\"center-center\",\"padding\":\"large\",\"style\":\"default\",\"title_breakpoint\":\"xl\",\"title_position\":\"top-left\",\"title_rotation\":\"left\",\"vertical_align\":\"\",\"width\":\"\"},\"children\":[{\"type\":\"row\",\"props\":{\"column_gap\":\"large\",\"layout\":\"1-2,1-2\",\"row_gap\":\"large\"},\"children\":[{\"type\":\"column\",\"props\":{\"image_position\":\"center-center\",\"position_sticky_breakpoint\":\"m\",\"vertical_align\":\"middle\",\"video\":\"wp-content\\\/uploads\\\/2025\\\/02\\\/20240731_175457.mp4\",\"width_medium\":\"1-2\"}},{\"type\":\"column\",\"props\":{\"image_position\":\"center-center\",\"position_sticky_breakpoint\":\"m\",\"style\":\"tile-default\",\"vertical_align\":\"middle\",\"width_medium\":\"1-2\"},\"children\":[{\"type\":\"headline\",\"props\":{\"content\":\"<strong data-start=\\\"47\\\" data-end=\\\"76\\\">\\u00a1Env\\u00eda ahora tu logotipo!<\\\/strong>\",\"maxwidth\":\"large\",\"title_element\":\"h2\",\"title_style\":\"h1\"}},{\"type\":\"text\",\"props\":{\"column_breakpoint\":\"m\",\"content\":\"\n\n<p>\\u00a0<strong data-start=\\\"178\\\" data-end=\\\"283\\\">Lo transformaremos en un bordado personalizado, perfecto para dar estilo a tus sombreros y camisetas.<\\\/strong><\\\/p>\",\"margin\":\"medium\",\"maxwidth\":\"large\"}},{\"type\":\"button\",\"props\":{\"grid_column_gap\":\"medium\",\"grid_row_gap\":\"medium\",\"margin\":\"default\"},\"children\":[{\"type\":\"button_item\",\"props\":{\"button_style\":\"primary\",\"content\":\"Contactanos\",\"dialog_layout\":\"modal\",\"dialog_offcanvas_flip\":true,\"icon_align\":\"left\",\"link\":\"index.php\\\/?page_id=6\"}}]}]}]}]}],\"version\":\"4.5.11\"} --><\/p>\n","protected":false},"excerpt":{"rendered":"<p>LA HISTORIA DE STUDIO88 desde el 2017 en Fuerteventura En 2017 Linda llega a Fuerteventura Workspace Workspace Workspace LA HISTORIA DE STUDIO88 Con un gran sue\u00f1o: construir algo que uniera su experiencia profesional con su pasi\u00f3n por la moda.Despu\u00e9s de tres a\u00f1os trabajando en pasarelas, en 2023 se da cuenta de que su camino siempre [&hellip;]<\/p>\n","protected":false},"author":1,"featured_media":0,"parent":0,"menu_order":5,"comment_status":"open","ping_status":"closed","template":"","meta":{"_acf_changed":false,"footnotes":""},"class_list":["post-1625","page","type-page","status-publish","hentry"],"acf":[],"_links":{"self":[{"href":"https:\/\/shopstudio88.com\/index.php?rest_route=\/wp\/v2\/pages\/1625","targetHints":{"allow":["GET"]}}],"collection":[{"href":"https:\/\/shopstudio88.com\/index.php?rest_route=\/wp\/v2\/pages"}],"about":[{"href":"https:\/\/shopstudio88.com\/index.php?rest_route=\/wp\/v2\/types\/page"}],"author":[{"embeddable":true,"href":"https:\/\/shopstudio88.com\/index.php?rest_route=\/wp\/v2\/users\/1"}],"replies":[{"embeddable":true,"href":"https:\/\/shopstudio88.com\/index.php?rest_route=%2Fwp%2Fv2%2Fcomments&post=1625"}],"version-history":[{"count":14,"href":"https:\/\/shopstudio88.com\/index.php?rest_route=\/wp\/v2\/pages\/1625\/revisions"}],"predecessor-version":[{"id":1681,"href":"https:\/\/shopstudio88.com\/index.php?rest_route=\/wp\/v2\/pages\/1625\/revisions\/1681"}],"wp:attachment":[{"href":"https:\/\/shopstudio88.com\/index.php?rest_route=%2Fwp%2Fv2%2Fmedia&parent=1625"}],"curies":[{"name":"wp","href":"https:\/\/api.w.org\/{rel}","templated":true}]}}